{"id":4955,"date":"2023-06-30T11:01:19","date_gmt":"2023-06-30T15:01:19","guid":{"rendered":"https:\/\/live-dynamiccompliance.pantheonsite.io\/?page_id=4955"},"modified":"2026-03-02T21:49:19","modified_gmt":"2026-03-03T02:49:19","slug":"fmcsaupdate-privacy-policy","status":"publish","type":"page","link":"https:\/\/renewucr.com\/es\/fmcsaupdate-privacy-policy\/","title":{"rendered":"RenewUCR.com- Privacy Policy"},"content":{"rendered":"<div data-elementor-type=\"wp-page\" data-elementor-id=\"4955\" class=\"elementor elementor-4955\" data-elementor-post-type=\"page\">\n\t\t\t\t\t\t<section class=\"elementor-section elementor-top-section elementor-element elementor-element-f5abe38 elementor-section-boxed elementor-section-height-default elementor-section-height-default\" data-id=\"f5abe38\" data-element_type=\"section\">\n\t\t\t\t\t\t<div class=\"elementor-container elementor-column-gap-default\">\n\t\t\t\t\t<div class=\"elementor-column elementor-col-100 elementor-top-column elementor-element elementor-element-9e178fa\" data-id=\"9e178fa\" data-element_type=\"column\">\n\t\t\t<div class=\"elementor-widget-wrap elementor-element-populated\">\n\t\t\t\t\t\t<div class=\"elementor-element elementor-element-090080e elementor-widget elementor-widget-text-editor\" data-id=\"090080e\" data-element_type=\"widget\" data-widget_type=\"text-editor.default\">\n\t\t\t\t<div class=\"elementor-widget-container\">\n\t\t\t\t\t\t\t<p><span style=\"color: #000000;\"><b>Pol\u00edtica de privacidad<\/b><\/span><\/p><p><span style=\"color: #000000;\"><b>Last Updated February 2026<\/b><\/span><\/p><p><span style=\"font-weight: 400; color: #000000;\">This Privacy Policy describes how Dakota Group, LLC, dba RenewUCR.com and its affiliates (\u201cDakota Group, LLC\u201d or \u201cCompany,\u201d \u201cwe,\u201d \u201cus,\u201d or \u201cour\u201d) collects, uses, discloses, and safeguards personal information obtained through our website (RenewUCR.com), Services (compliance filing assistance for trucking\/logistics businesses), mobile applications, phone, email, mail, or other interactions (collectively the \u201cWebsite\u201d and \u201cServices.)\u00a0\u00a0<\/span><\/p><p><span style=\"font-weight: 400; color: #000000;\">By using the Website or Services, you agree to the practices described in this Privacy Policy. If you do not agree, do not use the Website and Services. By continuing to use the Website and Services, you accept this Privacy Policy. We may update this Privacy Policy, and material changes will be posted here with the updated effective date. This Privacy Policy includes our California Consumer Privacy Act (\u201cCCPA\u201d)\/CPRA Notice at the end.<\/span><\/p><p><span style=\"color: #000000;\"><b>Subscription to Notifications by Email, Text Messaging\/Phone Calls\/Direct Mail<\/b><\/span><\/p><p><span style=\"color: #000000;\"><b>Descripci\u00f3n de los programas<\/b><\/span><\/p><p><span style=\"font-weight: 400; color: #000000;\">We will send email(s) or text message notifications only after the user has requested such notifications and provided contact information, granting the Company permission. We may also send you transactional notifications related to transactions, service requests, updates, or compliance reminders.<\/span><\/p><p><span style=\"color: #000000;\"><b>Coste<\/b><\/span><\/p><p><span style=\"font-weight: 400; color: #000000;\">We do not charge fees for sending periodic reminders and notifications described above. However, your mobile carrier may charge message and data rates for text\/sms messages.<\/span><\/p><p><span style=\"color: #000000;\"><b>Velocidades de mensajes y datos<\/b><\/span><\/p><p><span style=\"font-weight: 400; color: #000000;\">Message &amp; data rates may apply. The frequency of delivery of messages may occur on a per-transaction (service purchase\/confirmation) basis or on a monthly basis in case of reminders\/notifications sent to subscribed users. Recurring messages may be sent. Some seasonal services may require additional messages delivered, and\/or interaction with a reply-back may result in further messaging from our servers. Message and data rates may apply in all instances of these communications.<\/span><\/p><p><span style=\"color: #000000;\"><b>How to opt out of receiving texts and emails<\/b><\/span><\/p><p><span style=\"font-weight: 400; color: #000000;\">To stop receiving text messages, reply \u201cSTOP\u201d, \u201cEND\u201d, \u201cSTOPALL\u201d, \u201cSTOP ALL\u201d, \u201cQUIT\u201d, or \u201cUNSUBSCRIBE\u201d to a message received from us. You may also contact us by calling +1 (800) 500-9295 to speak with a support center representative. All requests are processed within 30 days. Remember to only reply with the keyword in the examples above, and without additional words, to successfully unsubscribe from text messages.<\/span><\/p><p><span style=\"color: #000000;\"><b>Soporte\/Ayuda<\/b><\/span><\/p><p><span style=\"font-weight: 400; color: #000000;\">For support or information, please email Support@RenewUCR.com or call +1 (800) 500-9295.<\/span><\/p><p><span style=\"color: #000000;\"><b>Informaci\u00f3n que recopilamos<\/b><\/span><\/p><p><span style=\"font-weight: 400; color: #000000;\">La informaci\u00f3n que recabamos de usted var\u00eda en funci\u00f3n del modo en que utilice nuestros Servicios. Recopilamos informaci\u00f3n de usted o sobre usted de las formas que se describen a continuaci\u00f3n.<\/span><\/p><p><span style=\"color: #000000;\"><b>Informaci\u00f3n que nos facilita<\/b><\/span><\/p><p><span style=\"font-weight: 400; color: #000000;\">Cuando utiliza nuestro Sitio Web o nuestros Servicios, recogemos la informaci\u00f3n que usted decide compartir con nosotros. Recogemos varios tipos de informaci\u00f3n personal de usted y sobre usted cuando utiliza nuestro Sitio Web o nuestros Servicios. Esta informaci\u00f3n puede incluir:<\/span><\/p><ul><li style=\"font-weight: 400;\" aria-level=\"1\"><span style=\"font-weight: 400; color: #000000;\">Nombre;<\/span><\/li><li style=\"font-weight: 400;\" aria-level=\"1\"><span style=\"font-weight: 400; color: #000000;\">Direcci\u00f3n;<\/span><\/li><li style=\"font-weight: 400;\" aria-level=\"1\"><span style=\"font-weight: 400; color: #000000;\">Direcci\u00f3n de correo electr\u00f3nico;<\/span><\/li><li style=\"font-weight: 400;\" aria-level=\"1\"><span style=\"font-weight: 400; color: #000000;\">N\u00famero de tel\u00e9fono;<\/span><\/li><li style=\"font-weight: 400;\" aria-level=\"1\"><span style=\"font-weight: 400; color: #000000;\">Fax number;\u00a0<\/span><\/li><li style=\"font-weight: 400;\" aria-level=\"1\"><span style=\"font-weight: 400; color: #000000;\">Payment card information (processed securely via third-party processors); and<\/span><\/li><li style=\"font-weight: 400;\" aria-level=\"1\"><span style=\"font-weight: 400; color: #000000;\">Business-related data (e.g., USDOT#, EIN, company details for filings).<\/span><\/li><\/ul><p><span style=\"color: #000000;\"><b>Other Information We Collect Automatically<\/b><\/span><\/p><p><span style=\"font-weight: 400; color: #000000;\">No es necesario que facilite informaci\u00f3n personal para navegar o utilizar nuestro Sitio Web o nuestros Servicios. Sin embargo, nuestro Sitio Web recoge autom\u00e1ticamente cierta informaci\u00f3n sobre usted y su uso de nuestro Sitio Web y Servicios que no necesariamente le identifica personalmente, sus interacciones con nosotros e informaci\u00f3n relativa al dispositivo que utiliza para acceder a nuestro Sitio Web y Servicios (colectivamente \"Otra Informaci\u00f3n\"). Esta informaci\u00f3n incluye:<\/span><\/p><ul><li style=\"font-weight: 400;\" aria-level=\"1\"><span style=\"font-weight: 400; color: #000000;\">Informaci\u00f3n del dispositivo, como la configuraci\u00f3n del hardware, el tipo de navegador web y el idioma;<\/span><\/li><li style=\"font-weight: 400;\" aria-level=\"1\"><span style=\"font-weight: 400; color: #000000;\">Direcci\u00f3n IP, direcci\u00f3n MAC;<\/span><\/li><li style=\"font-weight: 400;\" aria-level=\"1\"><span style=\"font-weight: 400; color: #000000;\">Identificadores asociados a cookies u otras tecnolog\u00edas que puedan identificar de forma exclusiva su dispositivo o navegador (por ejemplo, ID de publicidad del dispositivo);<\/span><\/li><li style=\"font-weight: 400;\" aria-level=\"1\"><span style=\"font-weight: 400; color: #000000;\">Veces que ha accedido a las p\u00e1ginas;<\/span><\/li><li style=\"font-weight: 400;\" aria-level=\"1\"><span style=\"font-weight: 400; color: #000000;\">P\u00e1ginas que has visto;<\/span><\/li><li style=\"font-weight: 400;\" aria-level=\"1\"><span style=\"font-weight: 400; color: #000000;\">B\u00fasquedas que haya realizado; y<\/span><\/li><li style=\"font-weight: 400;\" aria-level=\"1\"><span style=\"font-weight: 400; color: #000000;\">Pages you visited immediately before or after navigating to our Website.<\/span><\/li><\/ul><p><span style=\"color: #000000;\"><b>C\u00f3mo utilizamos su informaci\u00f3n<\/b><\/span><\/p><p><span style=\"font-weight: 400; color: #000000;\">We use collected information to:<\/span><\/p><ul><li style=\"font-weight: 400;\" aria-level=\"1\"><span style=\"font-weight: 400; color: #000000;\">Deliver Services, including processing filings and transactions;<\/span><\/li><li style=\"font-weight: 400;\" aria-level=\"1\"><span style=\"font-weight: 400; color: #000000;\">Communicate about the Services;<\/span><\/li><li style=\"font-weight: 400;\" aria-level=\"1\"><span style=\"font-weight: 400; color: #000000;\">Send marketing relating to our Services (with consent where required);<\/span><\/li><li style=\"font-weight: 400;\" aria-level=\"1\"><span style=\"font-weight: 400; color: #000000;\">Provide updates, reminders, or other informational content;<\/span><\/li><li style=\"font-weight: 400;\" aria-level=\"1\"><span style=\"font-weight: 400; color: #000000;\">Analyze and improve the Website and Services;<\/span><\/li><li style=\"font-weight: 400;\" aria-level=\"1\"><span style=\"font-weight: 400; color: #000000;\">Prevent, detect, investigate, or remediate security issues, including fraud;<\/span><\/li><li style=\"font-weight: 400;\" aria-level=\"1\"><span style=\"font-weight: 400; color: #000000;\">Protect the rights, property, or safety of the Company, users, or third parties;<\/span><\/li><li style=\"font-weight: 400;\" aria-level=\"1\"><span style=\"font-weight: 400; color: #000000;\">Comply with applicable laws,\u00a0 (including FMCSA obligations);<\/span><\/li><\/ul><p><span style=\"font-weight: 400; color: #000000;\">We do not \u201csell\u201d personal information as defined under CCPA\/CPRA.<\/span><\/p><p><span style=\"color: #000000;\"><b>C\u00f3mo compartimos su informaci\u00f3n<\/b><\/span><\/p><p><span style=\"font-weight: 400; color: #000000;\">We share information::<\/span><\/p><ul><li style=\"font-weight: 400;\" aria-level=\"1\"><span style=\"font-weight: 400; color: #000000;\">With service providers (e.g., hosting, analytics, payment processors).<\/span><\/li><li style=\"font-weight: 400;\" aria-level=\"1\"><span style=\"font-weight: 400; color: #000000;\">With third parties for legal or security reasons (e.g., subpoenas, fraud prevention).<\/span><\/li><li style=\"font-weight: 400;\" aria-level=\"1\"><span style=\"font-weight: 400; color: #000000;\">With third parties as part of business transfer (e.g., merger, acquisition).<\/span><\/li><li style=\"font-weight: 400;\" aria-level=\"1\"><span style=\"font-weight: 400; color: #000000;\">With consent.\u00a0<\/span><\/li><\/ul><p><span style=\"font-weight: 400; color: #000000;\">When acting as a service provider (e.g., processing data on behalf of a client\/carrier), the client\u2019s privacy policy governs their data.<\/span><\/p><p><span style=\"color: #000000;\"><b>C\u00f3mo utilizamos las cookies y otras tecnolog\u00edas de seguimiento<\/b><\/span><\/p><p><span style=\"font-weight: 400; color: #000000;\">We use cookies and similar technology for functionality, analytics, and advertising. You can manage cookies via browser settings; disabling may limit functionality. We respond to Do Not Track signals as required by law.<\/span><\/p><p><span style=\"color: #000000;\"><b>C\u00f3mo utilizamos Google Analytics<\/b><\/span><\/p><p><span style=\"font-weight: 400; color: #000000;\">We use Google Analytics. Data is transmitted to U.S. servers. Opt-out options are available in Google tools.<\/span><\/p><p><span style=\"color: #000000;\"><b>C\u00f3mo protegemos su informaci\u00f3n<\/b><\/span><\/p><p><span style=\"font-weight: 400; color: #000000;\">We implement reasonable technical, administrative, and physical safeguards. However, no system is completely secure, and transmission is at your own risk. We retain personal information as long as necessary for the purposes described, to comply with legal obligations, or resolve disputes (typically up to 7 years for financial\/tax records).<\/span><\/p><p><span style=\"color: #000000;\"><b>Children\u2019s Privacy<\/b><\/span><\/p><p><span style=\"font-weight: 400; color: #000000;\">Our Services are not directed to children under 13 (or 16 under applicable laws). We do not knowingly collect personal information from children. If we become aware of such collection, we will delete it.<\/span><\/p><p><span style=\"color: #000000;\"><b>Informaci\u00f3n de contacto<\/b><\/span><\/p><p><span style=\"font-weight: 400; color: #000000;\">Email: Support@RenewUCR.com Phone: +1 (800) 500-9295 .<\/span><\/p><p><span style=\"color: #000000;\"><b>Cambios en nuestra pol\u00edtica de privacidad<\/b><\/span><\/p><p><span style=\"font-weight: 400; color: #000000;\">We may make changes to this policy from time to time, in our sole discretion, and will indicate the last date of update. Your continued use of any of the Services after the changes have been made will constitute your acceptance of the changes. Please check the policy periodically.<\/span><\/p><p><span style=\"color: #000000;\"><b>Dakota Group, LLC CCPA Privacy Notice<\/b><\/span><\/p><p><span style=\"font-weight: 400; color: #000000;\">This Dakota Group, LLC CCPA Privacy Notice (commencing here and continuing for the remainder of this document), and only this Dakota Group, LLC CCPA Privacy Policy Notice, sets forth our privacy practices as required by the CCPA. This CCPA privacy notice applies only to individuals residing in the State of California who are considered \u201cConsumers\u201d under the CCPA and from whom we collect \u201cPersonal Information\u201d as described in the CCPA (\u201cConsumers\u201d).<\/span><\/p><p><span style=\"color: #000000;\"><b>Categories of Personal Information Collected<\/b><span style=\"font-weight: 400;\"> (past 12 months):<\/span><\/span><\/p><table><tbody><tr><td><p><span style=\"color: #000000;\"><b>Categor\u00eda<\/b><\/span><\/p><\/td><td><p><span style=\"color: #000000;\"><b>Examples<\/b><\/span><\/p><\/td><\/tr><tr><td><p><span style=\"font-weight: 400; color: #000000;\">A. Identifiers<\/span><\/p><\/td><td><p><span style=\"color: #000000;\"><span style=\"font-weight: 400;\">Real name, alias, postal address, unique personal identifier, online identifier, IP address, email, account name, <\/span><b>government IDs (e.g., SSN, driver&#8217;s license if provided)<\/b><\/span><\/p><\/td><\/tr><tr><td><p><span style=\"color: #000000;\"><span style=\"font-weight: 400;\">B. <\/span><b>Personal information categories in Cal. Civ. Code \u00a7 1798.80(e)<\/b><\/span><\/p><\/td><td><p><span style=\"color: #000000;\"><span style=\"font-weight: 400;\">Name, signature, SSN, address, phone, education\/employment, bank\/credit card numbers, <\/span><b>financial\/medical info (if relevant)<\/b><\/span><\/p><\/td><\/tr><tr><td><p><span style=\"font-weight: 400; color: #000000;\">C. Protected classifications<\/span><\/p><\/td><td><p><span style=\"color: #000000;\"><span style=\"font-weight: 400;\">Age (40+), race, color, ancestry, national origin, citizenship, religion, marital status, medical condition, disability, sex, <\/span><b>gender identity<\/b><\/span><\/p><\/td><\/tr><tr><td><p><span style=\"font-weight: 400; color: #000000;\">D. Commercial information<\/span><\/p><\/td><td><p><span style=\"font-weight: 400; color: #000000;\">Products\/services purchased, obtained, considered<\/span><\/p><\/td><\/tr><tr><td><p><span style=\"font-weight: 400; color: #000000;\">E. Biometric information<\/span><\/p><\/td><td><p><span style=\"color: #000000;\"><b>Not collected<\/b><\/span><\/p><\/td><\/tr><tr><td><p><span style=\"font-weight: 400; color: #000000;\">F. Internet\/electronic activity<\/span><\/p><\/td><td><p><span style=\"font-weight: 400; color: #000000;\">Browsing history, search, interaction with Site\/Services<\/span><\/p><\/td><\/tr><tr><td><p><span style=\"font-weight: 400; color: #000000;\">G. Datos de geolocalizaci\u00f3n<\/span><\/p><\/td><td><p><span style=\"color: #000000;\"><b>Inferred from IP (general)<\/b><\/span><\/p><\/td><\/tr><tr><td><p><span style=\"font-weight: 400; color: #000000;\">H. Audio\/visual<\/span><\/p><\/td><td><p><span style=\"color: #000000;\"><b>Not collected<\/b><\/span><\/p><\/td><\/tr><tr><td><p><span style=\"font-weight: 400; color: #000000;\">I. Professional\/employment<\/span><\/p><\/td><td><p><span style=\"color: #000000;\"><span style=\"font-weight: 400;\">Employment history <\/span><b>(if job applicants or business reps)<\/b><\/span><\/p><\/td><\/tr><tr><td><p><span style=\"font-weight: 400; color: #000000;\">J. Education<\/span><\/p><\/td><td><p><span style=\"color: #000000;\"><b>Not typically collected<\/b><\/span><\/p><\/td><\/tr><tr><td><p><span style=\"font-weight: 400; color: #000000;\">K. Inferences<\/span><\/p><\/td><td><p><span style=\"font-weight: 400; color: #000000;\">Profile reflecting preferences, characteristics, and behavior<\/span><\/p><\/td><\/tr><tr><td><p><span style=\"font-weight: 400; color: #000000;\">L. Sensitive Personal Information<\/span><\/p><\/td><td><p><span style=\"color: #000000;\"><b>Limited (e.g., precise geolocation not collected; SSN only if necessary for filings)<\/b><\/span><\/p><\/td><\/tr><\/tbody><\/table><p><span style=\"color: #000000;\"><b>Sources<\/b><span style=\"font-weight: 400;\">: Directly from you, automatically, third parties (e.g., analytics providers).<\/span><\/span><\/p><p><span style=\"color: #000000;\"><b>Uses<\/b><span style=\"font-weight: 400;\">: As described above <\/span><b>(service delivery, marketing, security, compliance)<\/b><span style=\"font-weight: 400;\">.<\/span><\/span><\/p><p><span style=\"color: #000000;\"><b>Disclosures for Business Purposes<\/b><span style=\"font-weight: 400;\"> (past 12 months): All categories <\/span><b>disclosed<\/b><span style=\"font-weight: 400;\"> to service providers <\/span><b>(analytics, payment, hosting)<\/b><span style=\"font-weight: 400;\"> and for legal reasons.<\/span><\/span><\/p><p><span style=\"color: #000000;\"><b>Sales\/Sharing<\/b><span style=\"font-weight: 400;\">: <\/span><b>We<\/b><span style=\"font-weight: 400;\"> do not sell or share personal information for cross-context behavioral advertising. <\/span><b>No opt-out required<\/b><span style=\"font-weight: 400;\">, but <\/span><b>you<\/b><span style=\"font-weight: 400;\"> may submit requests.<\/span><\/span><\/p><p><span style=\"color: #000000;\"><b>Your Rights<\/b><span style=\"font-weight: 400;\"> (CCPA\/CPRA):<\/span><\/span><\/p><ul><li style=\"font-weight: 400;\" aria-level=\"1\"><span style=\"font-weight: 400; color: #000000;\">Know\/access categories\/specific PI collected;<\/span><\/li><li style=\"font-weight: 400;\" aria-level=\"1\"><span style=\"font-weight: 400; color: #000000;\">Delete PI (with exceptions: complete transaction, legal compliance, etc.);<\/span><\/li><li style=\"font-weight: 400;\" aria-level=\"1\"><span style=\"font-weight: 400; color: #000000;\">Correct inaccurate PI;<\/span><\/li><li style=\"font-weight: 400;\" aria-level=\"1\"><span style=\"font-weight: 400; color: #000000;\">Limit use\/sharing of sensitive PI (if applicable);<\/span><\/li><li style=\"font-weight: 400;\" aria-level=\"1\"><span style=\"font-weight: 400; color: #000000;\">Non-discrimination.<\/span><\/li><\/ul><p><span style=\"color: #000000;\"><b>To Exercise Rights<\/b><span style=\"font-weight: 400;\">: Submit a verifiable request via email (Support@RenewUCR.com) or phone (+1 (800) 500-9295). <\/span><b>We<\/b><span style=\"font-weight: 400;\"> verify identity <\/span><b>(e.g., match provided info)<\/b><span style=\"font-weight: 400;\">. Response within 45 days <\/span><b>(extendable 45 days)<\/b><span style=\"font-weight: 400;\">. Authorized agents accepted with proof. <\/span><b>Requests are free, limited to twice per 12 months for access\/portability<\/b><span style=\"font-weight: 400;\">.<\/span><\/span><\/p><p><span style=\"color: #000000;\"><b>P\u00f3ngase en contacto con<\/b><span style=\"font-weight: 400;\">: Same as above.<\/span><\/span><\/p><p><span style=\"color: #000000;\"><b>Governing Law<\/b><span style=\"font-weight: 400;\">: This Privacy Policy is governed by <\/span><b>New York law<\/b><span style=\"font-weight: 400;\">, <\/span><b>without regard to conflicts<\/b><span style=\"font-weight: 400;\">.<\/span><\/span><\/p><p><span style=\"color: #000000;\"><b>Entire Agreement<\/b><span style=\"font-weight: 400;\">: This supersedes prior versions.<\/span><\/span><\/p><p><span style=\"font-weight: 400; color: #000000;\">\u00a0<\/span><\/p>\t\t\t\t\t\t<\/div>\n\t\t\t\t<\/div>\n\t\t\t\t\t<\/div>\n\t\t<\/div>\n\t\t\t\t\t<\/div>\n\t\t<\/section>\n\t\t\t\t<\/div>","protected":false},"excerpt":{"rendered":"<p>Privacy Policy Last Updated February 2026 This Privacy Policy describes how Dakota Group, LLC, dba RenewUCR.com and its affiliates (\u201cDakota Group, LLC\u201d or \u201cCompany,\u201d \u201cwe,\u201d \u201cus,\u201d or \u201cour\u201d) collects, uses, discloses, and safeguards personal information obtained through our website (RenewUCR.com), Services (compliance filing assistance for trucking\/logistics businesses), mobile applications, phone, email, mail, or other interactions [&hellip;]<\/p>","protected":false},"author":1,"featured_media":0,"parent":0,"menu_order":0,"comment_status":"closed","ping_status":"closed","template":"","meta":{"footnotes":""},"class_list":["post-4955","page","type-page","status-publish","hentry"],"_links":{"self":[{"href":"https:\/\/renewucr.com\/es\/wp-json\/wp\/v2\/pages\/4955","targetHints":{"allow":["GET"]}}],"collection":[{"href":"https:\/\/renewucr.com\/es\/wp-json\/wp\/v2\/pages"}],"about":[{"href":"https:\/\/renewucr.com\/es\/wp-json\/wp\/v2\/types\/page"}],"author":[{"embeddable":true,"href":"https:\/\/renewucr.com\/es\/wp-json\/wp\/v2\/users\/1"}],"replies":[{"embeddable":true,"href":"https:\/\/renewucr.com\/es\/wp-json\/wp\/v2\/comments?post=4955"}],"version-history":[{"count":0,"href":"https:\/\/renewucr.com\/es\/wp-json\/wp\/v2\/pages\/4955\/revisions"}],"wp:attachment":[{"href":"https:\/\/renewucr.com\/es\/wp-json\/wp\/v2\/media?parent=4955"}],"curies":[{"name":"wp","href":"https:\/\/api.w.org\/{rel}","templated":true}]}}