{"id":4930,"date":"2023-06-30T10:42:02","date_gmt":"2023-06-30T14:42:02","guid":{"rendered":"https:\/\/live-dynamiccompliance.pantheonsite.io\/?page_id=4930"},"modified":"2023-06-30T10:45:47","modified_gmt":"2023-06-30T14:45:47","slug":"fmcsaupdate-lp-chat","status":"publish","type":"page","link":"https:\/\/renewucr.com\/es\/fmcsaupdate-lp-chat\/","title":{"rendered":"FmcsaUpdate LP Chat"},"content":{"rendered":"<div data-elementor-type=\"wp-page\" data-elementor-id=\"4930\" class=\"elementor elementor-4930\" data-elementor-post-type=\"page\">\n\t\t\t\t\t\t<section class=\"elementor-section elementor-top-section elementor-element elementor-element-441d463 elementor-section-boxed elementor-section-height-default elementor-section-height-default\" data-id=\"441d463\" data-element_type=\"section\" data-settings=\"{&quot;background_background&quot;:&quot;classic&quot;}\">\n\t\t\t\t\t\t<div class=\"elementor-container elementor-column-gap-default\">\n\t\t\t\t\t<div class=\"elementor-column elementor-col-50 elementor-top-column elementor-element elementor-element-5bd3d378\" data-id=\"5bd3d378\" data-element_type=\"column\">\n\t\t\t<div class=\"elementor-widget-wrap elementor-element-populated\">\n\t\t\t\t\t\t<div class=\"elementor-element elementor-element-3cfd484 elementor-hidden-mobile elementor-widget elementor-widget-spacer\" data-id=\"3cfd484\" data-element_type=\"widget\" data-widget_type=\"spacer.default\">\n\t\t\t\t<div class=\"elementor-widget-container\">\n\t\t\t\t\t<div class=\"elementor-spacer\">\n\t\t\t<div class=\"elementor-spacer-inner\"><\/div>\n\t\t<\/div>\n\t\t\t\t<\/div>\n\t\t\t\t<\/div>\n\t\t\t\t<div class=\"elementor-element elementor-element-1e2e7198 elementor-widget elementor-widget-text-editor\" data-id=\"1e2e7198\" data-element_type=\"widget\" data-widget_type=\"text-editor.default\">\n\t\t\t\t<div class=\"elementor-widget-container\">\n\t\t\t\t\t\t\t<h3><span style=\"color: #ffffff;\">Portal de actualizaci\u00f3n MCS-150<\/span><\/h3><p>\u00a0<\/p>\t\t\t\t\t\t<\/div>\n\t\t\t\t<\/div>\n\t\t\t\t<div class=\"elementor-element elementor-element-c1b8c79 elementor-hidden-mobile elementor-widget elementor-widget-spacer\" data-id=\"c1b8c79\" data-element_type=\"widget\" data-widget_type=\"spacer.default\">\n\t\t\t\t<div class=\"elementor-widget-container\">\n\t\t\t\t\t<div class=\"elementor-spacer\">\n\t\t\t<div class=\"elementor-spacer-inner\"><\/div>\n\t\t<\/div>\n\t\t\t\t<\/div>\n\t\t\t\t<\/div>\n\t\t\t\t<div class=\"elementor-element elementor-element-2fda3686 elementor-hidden-mobile elementor-widget elementor-widget-spacer\" data-id=\"2fda3686\" data-element_type=\"widget\" data-widget_type=\"spacer.default\">\n\t\t\t\t<div class=\"elementor-widget-container\">\n\t\t\t\t\t<div class=\"elementor-spacer\">\n\t\t\t<div class=\"elementor-spacer-inner\"><\/div>\n\t\t<\/div>\n\t\t\t\t<\/div>\n\t\t\t\t<\/div>\n\t\t\t\t\t<\/div>\n\t\t<\/div>\n\t\t\t\t<div class=\"elementor-column elementor-col-50 elementor-top-column elementor-element elementor-element-5f0919ef\" data-id=\"5f0919ef\" data-element_type=\"column\">\n\t\t\t<div class=\"elementor-widget-wrap elementor-element-populated\">\n\t\t\t\t\t\t<div class=\"elementor-element elementor-element-7e1c7077 elementor-hidden-mobile elementor-widget elementor-widget-spacer\" data-id=\"7e1c7077\" data-element_type=\"widget\" data-widget_type=\"spacer.default\">\n\t\t\t\t<div class=\"elementor-widget-container\">\n\t\t\t\t\t<div class=\"elementor-spacer\">\n\t\t\t<div class=\"elementor-spacer-inner\"><\/div>\n\t\t<\/div>\n\t\t\t\t<\/div>\n\t\t\t\t<\/div>\n\t\t\t\t<div class=\"elementor-element elementor-element-262091a2 elementor-widget elementor-widget-text-editor\" data-id=\"262091a2\" data-element_type=\"widget\" data-widget_type=\"text-editor.default\">\n\t\t\t\t<div class=\"elementor-widget-container\">\n\t\t\t\t\t\t\t<h3><span style=\"color: #ffffff; font-family: var( --e-global-typography-text-font-family ), Sans-serif; font-size: 1rem; font-weight: var( --e-global-typography-text-font-weight );\">Apoyo a la presentaci\u00f3n : (302) 830-3910<br><\/span><\/h3>\t\t\t\t\t\t<\/div>\n\t\t\t\t<\/div>\n\t\t\t\t\t<\/div>\n\t\t<\/div>\n\t\t\t\t\t<\/div>\n\t\t<\/section>\n\t\t\t\t<section class=\"elementor-section elementor-top-section elementor-element elementor-element-c542d59 elementor-section-boxed elementor-section-height-default elementor-section-height-default\" data-id=\"c542d59\" data-element_type=\"section\">\n\t\t\t\t\t\t<div class=\"elementor-container elementor-column-gap-default\">\n\t\t\t\t\t<div class=\"elementor-column elementor-col-100 elementor-top-column elementor-element elementor-element-2ae2a055\" data-id=\"2ae2a055\" data-element_type=\"column\">\n\t\t\t<div class=\"elementor-widget-wrap elementor-element-populated\">\n\t\t\t\t\t\t<section class=\"elementor-section elementor-inner-section elementor-element elementor-element-2746faf1 elementor-section-full_width elementor-section-height-default elementor-section-height-default\" data-id=\"2746faf1\" data-element_type=\"section\">\n\t\t\t\t\t\t<div class=\"elementor-container elementor-column-gap-default\">\n\t\t\t\t\t<div class=\"elementor-column elementor-col-50 elementor-inner-column elementor-element elementor-element-7ae6a67a\" data-id=\"7ae6a67a\" data-element_type=\"column\">\n\t\t\t<div class=\"elementor-widget-wrap elementor-element-populated\">\n\t\t\t\t\t\t<div class=\"elementor-element elementor-element-29948648 elementor-hidden-mobile elementor-widget elementor-widget-text-editor\" data-id=\"29948648\" data-element_type=\"widget\" data-widget_type=\"text-editor.default\">\n\t\t\t\t<div class=\"elementor-widget-container\">\n\t\t\t\t\t\t\t<h2><span style=\"color: #000000;\">Actualizaci\u00f3n bienal del DOT de EE.UU.<\/span><\/h2><p><span style=\"color: #000000;\">La actualizaci\u00f3n bienal (formulario MCS150) es un mandato federal en virtud de la regulaci\u00f3n T\u00edtulo 49 del C\u00f3digo de Regulaciones Federales, Secci\u00f3n \u00a7390.19T (tambi\u00e9n conocido como CFR T\u00edtulo 49 Secci\u00f3n 390.201T)<\/span><\/p><p><span style=\"color: #000000;\">Es un requisito para todos los propietarios de un n\u00famero DOT de EE.UU., independientemente del tama\u00f1o de la flota y la escala de las operaciones.<\/span><\/p><p><span style=\"color: #000000;\">Un n\u00famero DOT de EE.UU. nunca caduca, pero el Departamento de Transporte exige presentar una actualizaci\u00f3n en tres casos concretos:<\/span><\/p><p><span style=\"color: #000000;\">- Antes de que comiencen las operaciones de transporte.\u00a0<\/span><\/p><p><span style=\"color: #000000;\">- En un plazo de 30 d\u00edas a partir de cualquier cambio en la situaci\u00f3n de su empresa<br \/><\/span><span style=\"color: #000000; font-family: var( --e-global-typography-text-font-family ), Sans-serif; font-weight: var( --e-global-typography-text-font-weight ); font-size: 1rem;\">\u00a0 (por ejemplo: n\u00famero de conductores camiones o remolques, n\u00famero de tel\u00e9fono, direcci\u00f3n)<\/span><\/p><p><span style=\"color: #000000;\">- Una vez cada dos a\u00f1os en el mes y a\u00f1o indicados por su n\u00famero DOT de EE.UU. seg\u00fan el programa:<\/span><br \/><span style=\"color: #000000;\">\u00a0 \u00a0 \u00a0 La \u00faltima cifra del n\u00famero DOT corresponde al mes del plazo<\/span><br \/><span style=\"color: #000000;\">\u00a0 \u00a0 \u00a0 Los d\u00edgitos que preceden al \u00faltimo del n\u00famero DOT corresponden al a\u00f1o de la fecha l\u00edmite<\/span><\/p><p><span style=\"color: #000000;\"><b>El incumplimiento de este mandato puede resultar en la desactivaci\u00f3n del N\u00famero DOT y\/o sanciones de hasta $10,000 seg\u00fan FMCSR 390.201T.<\/b><\/span><\/p>\t\t\t\t\t\t<\/div>\n\t\t\t\t<\/div>\n\t\t\t\t<div class=\"elementor-element elementor-element-e5aa6aa elementor-widget elementor-widget-html\" data-id=\"e5aa6aa\" data-element_type=\"widget\" data-widget_type=\"html.default\">\n\t\t\t\t<div class=\"elementor-widget-container\">\n\t\t\t<!-- Start of dot-processing Zendesk Widget script -->\r\n<script id=\"ze-snippet\" src=\"https:\/\/static.zdassets.com\/ekr\/snippet.js?key=10779953-0b84-4837-8833-9f554ea6fbf8\"> <\/script>\r\n<!-- End of dot-processing Zendesk Widget script -->\t\t<\/div>\n\t\t\t\t<\/div>\n\t\t\t\t\t<\/div>\n\t\t<\/div>\n\t\t\t\t<div class=\"elementor-column elementor-col-50 elementor-inner-column elementor-element elementor-element-69b323f3\" data-id=\"69b323f3\" data-element_type=\"column\">\n\t\t\t<div class=\"elementor-widget-wrap elementor-element-populated\">\n\t\t\t\t\t\t<div class=\"elementor-element elementor-element-7228a42b elementor-widget elementor-widget-text-editor\" data-id=\"7228a42b\" data-element_type=\"widget\" data-widget_type=\"text-editor.default\">\n\t\t\t\t<div class=\"elementor-widget-container\">\n\t\t\t\t\t\t\t<h3 style=\"text-align: center;\"><strong><span style=\"color: #000000;\">Ya est\u00e1 abierta la presentaci\u00f3n de solicitudes en l\u00ednea<\/span><\/strong><\/h3>\t\t\t\t\t\t<\/div>\n\t\t\t\t<\/div>\n\t\t\t\t<div class=\"elementor-element elementor-element-7ae73ca5 elementor-align-center elementor-hidden-desktop elementor-widget elementor-widget-button\" data-id=\"7ae73ca5\" data-element_type=\"widget\" data-widget_type=\"button.default\">\n\t\t\t\t<div class=\"elementor-widget-container\">\n\t\t\t\t\t\t\t<div class=\"elementor-button-wrapper\">\n\t\t\t\t\t<a class=\"elementor-button elementor-button-link elementor-size-xl\" href=\"\/es\/fmcsaupdate-mcs-150-form\/\">\n\t\t\t\t\t\t<span class=\"elementor-button-content-wrapper\">\n\t\t\t\t\t\t\t\t\t<span class=\"elementor-button-text\">Archivar en l\u00ednea ahora<\/span>\n\t\t\t\t\t<\/span>\n\t\t\t\t\t<\/a>\n\t\t\t\t<\/div>\n\t\t\t\t\t\t<\/div>\n\t\t\t\t<\/div>\n\t\t\t\t<div class=\"elementor-element elementor-element-62f94184 elementor-align-center elementor-hidden-tablet elementor-hidden-mobile elementor-widget elementor-widget-button\" data-id=\"62f94184\" data-element_type=\"widget\" data-widget_type=\"button.default\">\n\t\t\t\t<div class=\"elementor-widget-container\">\n\t\t\t\t\t\t\t<div class=\"elementor-button-wrapper\">\n\t\t\t\t\t<a class=\"elementor-button elementor-button-link elementor-size-xl\" href=\"\/es\/fmcsaupdate-mcs-150-form\/\">\n\t\t\t\t\t\t<span class=\"elementor-button-content-wrapper\">\n\t\t\t\t\t\t\t\t\t<span class=\"elementor-button-text\">Archivar en l\u00ednea ahora<\/span>\n\t\t\t\t\t<\/span>\n\t\t\t\t\t<\/a>\n\t\t\t\t<\/div>\n\t\t\t\t\t\t<\/div>\n\t\t\t\t<\/div>\n\t\t\t\t<div class=\"elementor-element elementor-element-9eae75f elementor-align-center elementor-widget elementor-widget-button\" data-id=\"9eae75f\" data-element_type=\"widget\" data-widget_type=\"button.default\">\n\t\t\t\t<div class=\"elementor-widget-container\">\n\t\t\t\t\t\t\t<div class=\"elementor-button-wrapper\">\n\t\t\t\t\t<a class=\"elementor-button elementor-button-link elementor-size-xs\" href=\"\/es\/fmcsaupdate-mcs-150-form\/\">\n\t\t\t\t\t\t<span class=\"elementor-button-content-wrapper\">\n\t\t\t\t\t\t\t\t\t<span class=\"elementor-button-text\">Cerrar o reaccionar a USDOT <\/span>\n\t\t\t\t\t<\/span>\n\t\t\t\t\t<\/a>\n\t\t\t\t<\/div>\n\t\t\t\t\t\t<\/div>\n\t\t\t\t<\/div>\n\t\t\t\t<div class=\"elementor-element elementor-element-1ef279e0 elementor-align-center elementor-widget elementor-widget-button\" data-id=\"1ef279e0\" data-element_type=\"widget\" data-widget_type=\"button.default\">\n\t\t\t\t<div class=\"elementor-widget-container\">\n\t\t\t\t\t\t\t<div class=\"elementor-button-wrapper\">\n\t\t\t\t\t<a class=\"elementor-button elementor-button-link elementor-size-xs\" href=\"\/es\/fmcsaupdate-lp-chat\/\">\n\t\t\t\t\t\t<span class=\"elementor-button-content-wrapper\">\n\t\t\t\t\t\t\t\t\t<span class=\"elementor-button-text\">Chatear con un agente <\/span>\n\t\t\t\t\t<\/span>\n\t\t\t\t\t<\/a>\n\t\t\t\t<\/div>\n\t\t\t\t\t\t<\/div>\n\t\t\t\t<\/div>\n\t\t\t\t<div class=\"elementor-element elementor-element-b052d8a elementor-widget elementor-widget-text-editor\" data-id=\"b052d8a\" data-element_type=\"widget\" data-widget_type=\"text-editor.default\">\n\t\t\t\t<div class=\"elementor-widget-container\">\n\t\t\t\t\t\t\t<h3><span style=\"color: #000000;\">Normativa general<\/span><\/h3><p><span style=\"color: #000000;\"><b>Nombre:<\/b>\u00a0Actualizaci\u00f3n bienal<\/span><\/p><p><span style=\"color: #000000;\"><b>C\u00f3digo del Reglamento:<\/b>\u00a0FMCSR 390.201T<\/span><\/p><p><span style=\"color: #000000;\"><b>Fecha l\u00edmite:\u00a0<\/b>determinado por su DOT #<\/span><\/p><p><span style=\"color: #000000;\"><b>Frecuencia:\u00a0<\/b>presentado una vez cada 2 a\u00f1os<\/span><\/p><p><span style=\"color: #000000;\"><b>\u00bfA qui\u00e9n va dirigido?\u00a0<\/b>cada titular de un n\u00famero DOT estadounidense<\/span><\/p><p><span style=\"color: #000000;\"><b>Sanci\u00f3n:\u00a0<\/b>DOT desactivado y\/o hasta $10.000<\/span><\/p><h4><b><a href=\"\/es\/fmcsaupdate-mcs-150-form\/\" rel=\"noopener\">Enlace directo a la actualizaci\u00f3n en l\u00ednea: Haga clic aqu\u00ed<\/a><\/b><\/h4>\t\t\t\t\t\t<\/div>\n\t\t\t\t<\/div>\n\t\t\t\t\t<\/div>\n\t\t<\/div>\n\t\t\t\t\t<\/div>\n\t\t<\/section>\n\t\t\t\t\t<\/div>\n\t\t<\/div>\n\t\t\t\t\t<\/div>\n\t\t<\/section>\n\t\t\t\t<section class=\"elementor-section elementor-top-section elementor-element elementor-element-6082a62f elementor-section-boxed elementor-section-height-default elementor-section-height-default\" data-id=\"6082a62f\" data-element_type=\"section\">\n\t\t\t\t\t\t<div class=\"elementor-container elementor-column-gap-default\">\n\t\t\t\t\t<div class=\"elementor-column elementor-col-100 elementor-top-column elementor-element elementor-element-44c7d8ee\" data-id=\"44c7d8ee\" data-element_type=\"column\">\n\t\t\t<div class=\"elementor-widget-wrap elementor-element-populated\">\n\t\t\t\t\t\t<section class=\"elementor-section elementor-inner-section elementor-element elementor-element-7cf64b43 elementor-section-full_width elementor-section-height-default elementor-section-height-default\" data-id=\"7cf64b43\" data-element_type=\"section\">\n\t\t\t\t\t\t<div class=\"elementor-container elementor-column-gap-default\">\n\t\t\t\t\t<div class=\"elementor-column elementor-col-50 elementor-inner-column elementor-element elementor-element-29c22f66\" data-id=\"29c22f66\" data-element_type=\"column\">\n\t\t\t<div class=\"elementor-widget-wrap elementor-element-populated\">\n\t\t\t\t\t\t<div class=\"elementor-element elementor-element-17b23082 elementor-widget elementor-widget-text-editor\" data-id=\"17b23082\" data-element_type=\"widget\" data-widget_type=\"text-editor.default\">\n\t\t\t\t<div class=\"elementor-widget-container\">\n\t\t\t\t\t\t\t<h3><span style=\"color: #000000;\"><b>Acabo de abrir mi negocio. \u00bfTengo que presentar una solicitud?<\/b><\/span><\/h3><p><span style=\"color: #000000;\">Esta es una de las preguntas m\u00e1s frecuentes. La respuesta es <b>s\u00ed<\/b>, se debe presentar una Actualizaci\u00f3n Bienal en una combinaci\u00f3n espec\u00edfica de mes y a\u00f1o, independientemente de cu\u00e1ndo se abri\u00f3 el DOT numerado.<\/span><\/p><p><span style=\"color: #000000;\">Las actualizaciones bienales deben presentarse cada 24 meses. Si no cumple el plazo de presentaci\u00f3n inicial, la siguiente actualizaci\u00f3n programada habr\u00e1 sido m\u00e1s de 24 meses despu\u00e9s de la fecha en que estableci\u00f3 su n\u00famero DOT. Por lo tanto, si acaba de abrir su negocio, es posible que tenga que presentar la <b>inicial <\/b>Actualizaci\u00f3n Bienal antes de dos a\u00f1os. Para m\u00e1s informaci\u00f3n, consulte el reglamento FMCSR 390.201T.<\/span><span style=\"color: #000000; font-family: var( --e-global-typography-text-font-family ), Sans-serif; font-weight: var( --e-global-typography-text-font-weight ); font-size: 1rem;\">.<\/span><\/p>\t\t\t\t\t\t<\/div>\n\t\t\t\t<\/div>\n\t\t\t\t<div class=\"elementor-element elementor-element-1664a2f5 elementor-hidden-desktop elementor-hidden-tablet elementor-widget elementor-widget-text-editor\" data-id=\"1664a2f5\" data-element_type=\"widget\" data-widget_type=\"text-editor.default\">\n\t\t\t\t<div class=\"elementor-widget-container\">\n\t\t\t\t\t\t\t<h2><span style=\"color: #000000;\">Actualizaci\u00f3n bienal del DOT de EE.UU.<\/span><\/h2><p><span style=\"color: #000000;\">La actualizaci\u00f3n bienal (Formulario MCS150) es un mandato federal seg\u00fan la regulaci\u00f3n FMCSR 390.201 (tambi\u00e9n conocida como CFR T\u00edtulo 49 Secci\u00f3n 390.201)<\/span><\/p><p><span style=\"color: #000000;\">Es un requisito para todos los propietarios de un n\u00famero DOT de EE.UU., independientemente del tama\u00f1o de la flota y la escala de las operaciones.<\/span><\/p><p><span style=\"color: #000000;\">Un n\u00famero DOT de EE.UU. nunca caduca, pero el Departamento de Transporte exige presentar una actualizaci\u00f3n en tres casos concretos:<\/span><\/p><p><span style=\"color: #000000;\">- Antes de que comiencen las operaciones de transporte.\u00a0<\/span><\/p><p><span style=\"color: #000000;\">- En un plazo de 30 d\u00edas a partir de cualquier cambio en la situaci\u00f3n de su empresa<br \/><\/span><span style=\"color: #000000; font-family: var( --e-global-typography-text-font-family ), Sans-serif; font-weight: var( --e-global-typography-text-font-weight ); font-size: 1rem;\">\u00a0 (por ejemplo: n\u00famero de conductores camiones o remolques, n\u00famero de tel\u00e9fono, direcci\u00f3n)<\/span><\/p><p><span style=\"color: #000000;\">- Una vez cada dos a\u00f1os en el mes y a\u00f1o indicados por su n\u00famero DOT de EE.UU. seg\u00fan el programa:<\/span><br \/><span style=\"color: #000000;\">\u00a0 \u00a0 \u00a0 La \u00faltima cifra del n\u00famero DOT corresponde al mes del plazo<\/span><br \/><span style=\"color: #000000;\">\u00a0 \u00a0 \u00a0 Los d\u00edgitos que preceden al \u00faltimo del n\u00famero DOT corresponden al a\u00f1o de la fecha l\u00edmite<\/span><\/p><p><span style=\"color: #000000;\"><b>El incumplimiento de este mandato puede resultar en la desactivaci\u00f3n del N\u00famero DOT y\/o sanciones de hasta $10,000 seg\u00fan FMCSR 390.201.<\/b><\/span><\/p>\t\t\t\t\t\t<\/div>\n\t\t\t\t<\/div>\n\t\t\t\t\t<\/div>\n\t\t<\/div>\n\t\t\t\t<div class=\"elementor-column elementor-col-50 elementor-inner-column elementor-element elementor-element-30887ca3\" data-id=\"30887ca3\" data-element_type=\"column\">\n\t\t\t<div class=\"elementor-widget-wrap\">\n\t\t\t\t\t\t\t<\/div>\n\t\t<\/div>\n\t\t\t\t\t<\/div>\n\t\t<\/section>\n\t\t\t\t<div class=\"elementor-element elementor-element-14d1b025 elementor-widget elementor-widget-spacer\" data-id=\"14d1b025\" data-element_type=\"widget\" data-widget_type=\"spacer.default\">\n\t\t\t\t<div class=\"elementor-widget-container\">\n\t\t\t\t\t<div class=\"elementor-spacer\">\n\t\t\t<div class=\"elementor-spacer-inner\"><\/div>\n\t\t<\/div>\n\t\t\t\t<\/div>\n\t\t\t\t<\/div>\n\t\t\t\t\t<\/div>\n\t\t<\/div>\n\t\t\t\t\t<\/div>\n\t\t<\/section>\n\t\t\t\t<section class=\"elementor-section elementor-top-section elementor-element elementor-element-36574c30 elementor-section-boxed elementor-section-height-default elementor-section-height-default\" data-id=\"36574c30\" data-element_type=\"section\" data-settings=\"{&quot;background_background&quot;:&quot;classic&quot;}\">\n\t\t\t\t\t\t<div class=\"elementor-container elementor-column-gap-default\">\n\t\t\t\t\t<div class=\"elementor-column elementor-col-66 elementor-top-column elementor-element elementor-element-49cd296a\" data-id=\"49cd296a\" data-element_type=\"column\">\n\t\t\t<div class=\"elementor-widget-wrap\">\n\t\t\t\t\t\t\t<\/div>\n\t\t<\/div>\n\t\t\t\t<div class=\"elementor-column elementor-col-33 elementor-top-column elementor-element elementor-element-fc0d51e\" data-id=\"fc0d51e\" data-element_type=\"column\">\n\t\t\t<div class=\"elementor-widget-wrap elementor-element-populated\">\n\t\t\t\t\t\t<div class=\"elementor-element elementor-element-5aa4bac6 elementor-widget elementor-widget-spacer\" data-id=\"5aa4bac6\" data-element_type=\"widget\" data-widget_type=\"spacer.default\">\n\t\t\t\t<div class=\"elementor-widget-container\">\n\t\t\t\t\t<div class=\"elementor-spacer\">\n\t\t\t<div class=\"elementor-spacer-inner\"><\/div>\n\t\t<\/div>\n\t\t\t\t<\/div>\n\t\t\t\t<\/div>\n\t\t\t\t<div class=\"elementor-element elementor-element-73b268ff elementor-widget elementor-widget-text-editor\" data-id=\"73b268ff\" data-element_type=\"widget\" data-widget_type=\"text-editor.default\">\n\t\t\t\t<div class=\"elementor-widget-container\">\n\t\t\t\t\t\t\t<h4><span style=\"color: #ffffff;\">\u00bfSabe si sus otros formularios DOT est\u00e1n vencidos? Compruebe si su USDOT# cumple con las regulaciones de USDOT y FMCSA.<\/span><\/h4>\t\t\t\t\t\t<\/div>\n\t\t\t\t<\/div>\n\t\t\t\t<div class=\"elementor-element elementor-element-22cb410e elementor-widget elementor-widget-button\" data-id=\"22cb410e\" data-element_type=\"widget\" data-widget_type=\"button.default\">\n\t\t\t\t<div class=\"elementor-widget-container\">\n\t\t\t\t\t\t\t<div class=\"elementor-button-wrapper\">\n\t\t\t\t\t<a class=\"elementor-button elementor-button-link elementor-size-sm\" href=\"\/es\/fmcsaupdate-mcs-150-form\/\">\n\t\t\t\t\t\t<span class=\"elementor-button-content-wrapper\">\n\t\t\t\t\t\t\t\t\t<span class=\"elementor-button-text\">Comprobar mi estado de cumplimiento <\/span>\n\t\t\t\t\t<\/span>\n\t\t\t\t\t<\/a>\n\t\t\t\t<\/div>\n\t\t\t\t\t\t<\/div>\n\t\t\t\t<\/div>\n\t\t\t\t<div class=\"elementor-element elementor-element-4f0bd8de elementor-widget elementor-widget-spacer\" data-id=\"4f0bd8de\" data-element_type=\"widget\" data-widget_type=\"spacer.default\">\n\t\t\t\t<div class=\"elementor-widget-container\">\n\t\t\t\t\t<div class=\"elementor-spacer\">\n\t\t\t<div class=\"elementor-spacer-inner\"><\/div>\n\t\t<\/div>\n\t\t\t\t<\/div>\n\t\t\t\t<\/div>\n\t\t\t\t\t<\/div>\n\t\t<\/div>\n\t\t\t\t\t<\/div>\n\t\t<\/section>\n\t\t\t\t<section class=\"elementor-section elementor-top-section elementor-element elementor-element-6044fa9a elementor-section-boxed elementor-section-height-default elementor-section-height-default\" data-id=\"6044fa9a\" data-element_type=\"section\">\n\t\t\t\t\t\t<div class=\"elementor-container elementor-column-gap-default\">\n\t\t\t\t\t<div class=\"elementor-column elementor-col-100 elementor-top-column elementor-element elementor-element-64a9a65e\" data-id=\"64a9a65e\" data-element_type=\"column\">\n\t\t\t<div class=\"elementor-widget-wrap elementor-element-populated\">\n\t\t\t\t\t\t<div class=\"elementor-element elementor-element-2328a4c9 elementor-widget elementor-widget-spacer\" data-id=\"2328a4c9\" data-element_type=\"widget\" data-widget_type=\"spacer.default\">\n\t\t\t\t<div class=\"elementor-widget-container\">\n\t\t\t\t\t<div class=\"elementor-spacer\">\n\t\t\t<div class=\"elementor-spacer-inner\"><\/div>\n\t\t<\/div>\n\t\t\t\t<\/div>\n\t\t\t\t<\/div>\n\t\t\t\t\t<\/div>\n\t\t<\/div>\n\t\t\t\t\t<\/div>\n\t\t<\/section>\n\t\t\t\t<\/div>","protected":false},"excerpt":{"rendered":"<p>Portal de actualizaci\u00f3n MCS-150 Soporte de presentaci\u00f3n : (302) 830-3910 Actualizaci\u00f3n bienal del DOT de EE.UU. La actualizaci\u00f3n bienal (Formulario MCS150) es un mandato federal en virtud de la regulaci\u00f3n del T\u00edtulo 49 del C\u00f3digo de Reglamentos Federales, Secci\u00f3n \u00a7390.19T (tambi\u00e9n conocido como CFR T\u00edtulo 49 Secci\u00f3n 390.201T) Es un requisito para todos los propietarios de un n\u00famero DOT de EE.UU., independientemente de la flota [...].<\/p>","protected":false},"author":1,"featured_media":0,"parent":0,"menu_order":0,"comment_status":"closed","ping_status":"closed","template":"","meta":{"footnotes":""},"class_list":["post-4930","page","type-page","status-publish","hentry"],"_links":{"self":[{"href":"https:\/\/renewucr.com\/es\/wp-json\/wp\/v2\/pages\/4930","targetHints":{"allow":["GET"]}}],"collection":[{"href":"https:\/\/renewucr.com\/es\/wp-json\/wp\/v2\/pages"}],"about":[{"href":"https:\/\/renewucr.com\/es\/wp-json\/wp\/v2\/types\/page"}],"author":[{"embeddable":true,"href":"https:\/\/renewucr.com\/es\/wp-json\/wp\/v2\/users\/1"}],"replies":[{"embeddable":true,"href":"https:\/\/renewucr.com\/es\/wp-json\/wp\/v2\/comments?post=4930"}],"version-history":[{"count":0,"href":"https:\/\/renewucr.com\/es\/wp-json\/wp\/v2\/pages\/4930\/revisions"}],"wp:attachment":[{"href":"https:\/\/renewucr.com\/es\/wp-json\/wp\/v2\/media?parent=4930"}],"curies":[{"name":"wp","href":"https:\/\/api.w.org\/{rel}","templated":true}]}}