{"id":2149,"date":"2023-06-14T13:41:17","date_gmt":"2023-06-14T17:41:17","guid":{"rendered":"https:\/\/live-dynamiccompliance.pantheonsite.io\/?page_id=2149"},"modified":"2024-07-16T18:12:18","modified_gmt":"2024-07-16T22:12:18","slug":"fmcsaupdate-lp","status":"publish","type":"page","link":"https:\/\/renewucr.com\/es\/fmcsaupdate-lp\/","title":{"rendered":"FmcsaUpdate LP"},"content":{"rendered":"<div data-elementor-type=\"wp-page\" data-elementor-id=\"2149\" class=\"elementor elementor-2149\" data-elementor-post-type=\"page\">\n\t\t\t\t\t\t<section class=\"elementor-section elementor-top-section elementor-element elementor-element-a35451d elementor-section-boxed elementor-section-height-default elementor-section-height-default\" data-id=\"a35451d\" data-element_type=\"section\" data-settings=\"{&quot;background_background&quot;:&quot;classic&quot;}\">\n\t\t\t\t\t\t<div class=\"elementor-container elementor-column-gap-default\">\n\t\t\t\t\t<div class=\"elementor-column elementor-col-50 elementor-top-column elementor-element elementor-element-f328e3d\" data-id=\"f328e3d\" data-element_type=\"column\">\n\t\t\t<div class=\"elementor-widget-wrap elementor-element-populated\">\n\t\t\t\t\t\t<div class=\"elementor-element elementor-element-38d888d elementor-hidden-mobile elementor-widget elementor-widget-spacer\" data-id=\"38d888d\" data-element_type=\"widget\" data-widget_type=\"spacer.default\">\n\t\t\t\t<div class=\"elementor-widget-container\">\n\t\t\t\t\t<div class=\"elementor-spacer\">\n\t\t\t<div class=\"elementor-spacer-inner\"><\/div>\n\t\t<\/div>\n\t\t\t\t<\/div>\n\t\t\t\t<\/div>\n\t\t\t\t<div class=\"elementor-element elementor-element-69dbb94 elementor-widget elementor-widget-text-editor\" data-id=\"69dbb94\" data-element_type=\"widget\" data-widget_type=\"text-editor.default\">\n\t\t\t\t<div class=\"elementor-widget-container\">\n\t\t\t\t\t\t\t<h3><span style=\"color: #ffffff;\">Portal de actualizaci\u00f3n MCS-150<\/span><\/h3><p>\u00a0<\/p>\t\t\t\t\t\t<\/div>\n\t\t\t\t<\/div>\n\t\t\t\t<div class=\"elementor-element elementor-element-2fb648f elementor-hidden-mobile elementor-widget elementor-widget-spacer\" data-id=\"2fb648f\" data-element_type=\"widget\" data-widget_type=\"spacer.default\">\n\t\t\t\t<div class=\"elementor-widget-container\">\n\t\t\t\t\t<div class=\"elementor-spacer\">\n\t\t\t<div class=\"elementor-spacer-inner\"><\/div>\n\t\t<\/div>\n\t\t\t\t<\/div>\n\t\t\t\t<\/div>\n\t\t\t\t<div class=\"elementor-element elementor-element-2ed05cd elementor-hidden-mobile elementor-widget elementor-widget-spacer\" data-id=\"2ed05cd\" data-element_type=\"widget\" data-widget_type=\"spacer.default\">\n\t\t\t\t<div class=\"elementor-widget-container\">\n\t\t\t\t\t<div class=\"elementor-spacer\">\n\t\t\t<div class=\"elementor-spacer-inner\"><\/div>\n\t\t<\/div>\n\t\t\t\t<\/div>\n\t\t\t\t<\/div>\n\t\t\t\t\t<\/div>\n\t\t<\/div>\n\t\t\t\t<div class=\"elementor-column elementor-col-50 elementor-top-column elementor-element elementor-element-c0bce58\" data-id=\"c0bce58\" data-element_type=\"column\">\n\t\t\t<div class=\"elementor-widget-wrap elementor-element-populated\">\n\t\t\t\t\t\t<div class=\"elementor-element elementor-element-ade5788 elementor-hidden-mobile elementor-widget elementor-widget-spacer\" data-id=\"ade5788\" data-element_type=\"widget\" data-widget_type=\"spacer.default\">\n\t\t\t\t<div class=\"elementor-widget-container\">\n\t\t\t\t\t<div class=\"elementor-spacer\">\n\t\t\t<div class=\"elementor-spacer-inner\"><\/div>\n\t\t<\/div>\n\t\t\t\t<\/div>\n\t\t\t\t<\/div>\n\t\t\t\t<div class=\"elementor-element elementor-element-a7a8639 elementor-widget elementor-widget-text-editor\" data-id=\"a7a8639\" data-element_type=\"widget\" data-widget_type=\"text-editor.default\">\n\t\t\t\t<div class=\"elementor-widget-container\">\n\t\t\t\t\t\t\t<h3><span style=\"color: #ffffff; font-family: var( --e-global-typography-text-font-family ), Sans-serif; font-size: 1rem; font-weight: var( --e-global-typography-text-font-weight );\">Filing Support :&nbsp;<\/span><font color=\"#ffffff\"><span style=\"font-size: 16px;\">(302) 775-5839<\/span><\/font><span style=\"color: #ffffff; font-family: var( --e-global-typography-text-font-family ), Sans-serif; font-size: 1rem; font-weight: var( --e-global-typography-text-font-weight );\"><br><\/span><\/h3>\t\t\t\t\t\t<\/div>\n\t\t\t\t<\/div>\n\t\t\t\t\t<\/div>\n\t\t<\/div>\n\t\t\t\t\t<\/div>\n\t\t<\/section>\n\t\t\t\t<section class=\"elementor-section elementor-top-section elementor-element elementor-element-254de197 elementor-section-boxed elementor-section-height-default elementor-section-height-default\" data-id=\"254de197\" data-element_type=\"section\">\n\t\t\t\t\t\t<div class=\"elementor-container elementor-column-gap-default\">\n\t\t\t\t\t<div class=\"elementor-column elementor-col-100 elementor-top-column elementor-element elementor-element-8cc79ea\" data-id=\"8cc79ea\" data-element_type=\"column\">\n\t\t\t<div class=\"elementor-widget-wrap elementor-element-populated\">\n\t\t\t\t\t\t<section class=\"elementor-section elementor-inner-section elementor-element elementor-element-59d6f333 elementor-section-boxed elementor-section-height-default elementor-section-height-default\" data-id=\"59d6f333\" data-element_type=\"section\">\n\t\t\t\t\t\t<div class=\"elementor-container elementor-column-gap-default\">\n\t\t\t\t\t<div class=\"elementor-column elementor-col-50 elementor-inner-column elementor-element elementor-element-164dc2ce\" data-id=\"164dc2ce\" data-element_type=\"column\">\n\t\t\t<div class=\"elementor-widget-wrap elementor-element-populated\">\n\t\t\t\t\t\t<div class=\"elementor-element elementor-element-56b00faf elementor-hidden-mobile elementor-widget__width-initial elementor-widget elementor-widget-text-editor\" data-id=\"56b00faf\" data-element_type=\"widget\" data-widget_type=\"text-editor.default\">\n\t\t\t\t<div class=\"elementor-widget-container\">\n\t\t\t\t\t\t\t<h2><span style=\"color: #000000;\">Actualizaci\u00f3n bienal del DOT de EE.UU.<\/span><\/h2><p><span style=\"color: #000000;\">La actualizaci\u00f3n bienal (formulario MCS150) es un mandato federal en virtud de la regulaci\u00f3n T\u00edtulo 49 del C\u00f3digo de Regulaciones Federales, Secci\u00f3n \u00a7390.19T (tambi\u00e9n conocido como CFR T\u00edtulo 49 Secci\u00f3n 390.201T)<\/span><\/p><p><span style=\"color: #000000;\">Es un requisito para todos los propietarios de un n\u00famero DOT de EE.UU., independientemente del tama\u00f1o de la flota y la escala de las operaciones.<\/span><\/p><p><span style=\"color: #000000;\">Un n\u00famero DOT de EE.UU. nunca caduca, pero el Departamento de Transporte exige presentar una actualizaci\u00f3n en tres casos concretos:<\/span><\/p><p><span style=\"color: #000000;\">- Antes de que comiencen las operaciones de transporte.\u00a0<\/span><\/p><p><span style=\"color: #000000;\">- En un plazo de 30 d\u00edas a partir de cualquier cambio en la situaci\u00f3n de su empresa<br \/><\/span><span style=\"color: #000000; font-family: var( --e-global-typography-text-font-family ), Sans-serif; font-weight: var( --e-global-typography-text-font-weight ); font-size: 1rem;\">\u00a0 (por ejemplo: n\u00famero de conductores camiones o remolques, n\u00famero de tel\u00e9fono, direcci\u00f3n)<\/span><\/p><p><span style=\"color: #000000;\">- Una vez cada dos a\u00f1os en el mes y a\u00f1o indicados por su n\u00famero DOT de EE.UU. seg\u00fan el programa:<\/span><br \/><span style=\"color: #000000;\">\u00a0 \u00a0 \u00a0 La \u00faltima cifra del n\u00famero DOT corresponde al mes del plazo<\/span><br \/><span style=\"color: #000000;\">\u00a0 \u00a0 \u00a0 Los d\u00edgitos que preceden al \u00faltimo del n\u00famero DOT corresponden al a\u00f1o de la fecha l\u00edmite<\/span><\/p><p><span style=\"color: #000000;\"><b>El incumplimiento de este mandato puede resultar en la desactivaci\u00f3n del N\u00famero DOT y\/o sanciones de hasta $10,000 seg\u00fan FMCSR 390.201T.<\/b><\/span><\/p>\t\t\t\t\t\t<\/div>\n\t\t\t\t<\/div>\n\t\t\t\t\t<\/div>\n\t\t<\/div>\n\t\t\t\t<div class=\"elementor-column elementor-col-50 elementor-inner-column elementor-element elementor-element-262174c4\" data-id=\"262174c4\" data-element_type=\"column\">\n\t\t\t<div class=\"elementor-widget-wrap elementor-element-populated\">\n\t\t\t\t\t\t<div class=\"elementor-element elementor-element-5701f6b elementor-widget elementor-widget-text-editor\" data-id=\"5701f6b\" data-element_type=\"widget\" data-widget_type=\"text-editor.default\">\n\t\t\t\t<div class=\"elementor-widget-container\">\n\t\t\t\t\t\t\t<h3 style=\"text-align: center;\"><strong><span style=\"color: #000000;\">Ya est\u00e1 abierta la presentaci\u00f3n de solicitudes en l\u00ednea<\/span><\/strong><\/h3>\t\t\t\t\t\t<\/div>\n\t\t\t\t<\/div>\n\t\t\t\t<div class=\"elementor-element elementor-element-b6098b8 elementor-align-center elementor-hidden-desktop elementor-widget elementor-widget-button\" data-id=\"b6098b8\" data-element_type=\"widget\" data-widget_type=\"button.default\">\n\t\t\t\t<div class=\"elementor-widget-container\">\n\t\t\t\t\t\t\t<div class=\"elementor-button-wrapper\">\n\t\t\t\t\t<a class=\"elementor-button elementor-button-link elementor-size-xl\" href=\"\/es\/fmcsaupdate-mcs-150-form\/\">\n\t\t\t\t\t\t<span class=\"elementor-button-content-wrapper\">\n\t\t\t\t\t\t\t\t\t<span class=\"elementor-button-text\">Archivar en l\u00ednea ahora<\/span>\n\t\t\t\t\t<\/span>\n\t\t\t\t\t<\/a>\n\t\t\t\t<\/div>\n\t\t\t\t\t\t<\/div>\n\t\t\t\t<\/div>\n\t\t\t\t<div class=\"elementor-element elementor-element-5cc883bb elementor-align-center elementor-hidden-tablet elementor-hidden-mobile elementor-widget elementor-widget-button\" data-id=\"5cc883bb\" data-element_type=\"widget\" data-widget_type=\"button.default\">\n\t\t\t\t<div class=\"elementor-widget-container\">\n\t\t\t\t\t\t\t<div class=\"elementor-button-wrapper\">\n\t\t\t\t\t<a class=\"elementor-button elementor-button-link elementor-size-xl\" href=\"\/es\/fmcsaupdate-mcs-150-form\/\">\n\t\t\t\t\t\t<span class=\"elementor-button-content-wrapper\">\n\t\t\t\t\t\t\t\t\t<span class=\"elementor-button-text\">Archivar en l\u00ednea ahora<\/span>\n\t\t\t\t\t<\/span>\n\t\t\t\t\t<\/a>\n\t\t\t\t<\/div>\n\t\t\t\t\t\t<\/div>\n\t\t\t\t<\/div>\n\t\t\t\t<div class=\"elementor-element elementor-element-15c13fbe elementor-align-center elementor-widget elementor-widget-button\" data-id=\"15c13fbe\" data-element_type=\"widget\" data-widget_type=\"button.default\">\n\t\t\t\t<div class=\"elementor-widget-container\">\n\t\t\t\t\t\t\t<div class=\"elementor-button-wrapper\">\n\t\t\t\t\t<a class=\"elementor-button elementor-button-link elementor-size-xs\" href=\"\/es\/fmcsaupdate-mcs-150-form\/\">\n\t\t\t\t\t\t<span class=\"elementor-button-content-wrapper\">\n\t\t\t\t\t\t\t\t\t<span class=\"elementor-button-text\">Cerrar o reaccionar a USDOT <\/span>\n\t\t\t\t\t<\/span>\n\t\t\t\t\t<\/a>\n\t\t\t\t<\/div>\n\t\t\t\t\t\t<\/div>\n\t\t\t\t<\/div>\n\t\t\t\t<div class=\"elementor-element elementor-element-19eceb1d elementor-align-center elementor-widget elementor-widget-button\" data-id=\"19eceb1d\" data-element_type=\"widget\" data-widget_type=\"button.default\">\n\t\t\t\t<div class=\"elementor-widget-container\">\n\t\t\t\t\t\t\t<div class=\"elementor-button-wrapper\">\n\t\t\t\t\t<a class=\"elementor-button elementor-button-link elementor-size-xs\" href=\"\/es\/fmcsaupdate-lp-chat\/\">\n\t\t\t\t\t\t<span class=\"elementor-button-content-wrapper\">\n\t\t\t\t\t\t\t\t\t<span class=\"elementor-button-text\">Chatear con un agente <\/span>\n\t\t\t\t\t<\/span>\n\t\t\t\t\t<\/a>\n\t\t\t\t<\/div>\n\t\t\t\t\t\t<\/div>\n\t\t\t\t<\/div>\n\t\t\t\t<div class=\"elementor-element elementor-element-a4e59c elementor-widget elementor-widget-text-editor\" data-id=\"a4e59c\" data-element_type=\"widget\" data-widget_type=\"text-editor.default\">\n\t\t\t\t<div class=\"elementor-widget-container\">\n\t\t\t\t\t\t\t<h3><span style=\"color: #000000;\">Normativa general<\/span><\/h3><p><span style=\"color: #000000;\"><b>Nombre:<\/b>\u00a0Actualizaci\u00f3n bienal<\/span><\/p><p><span style=\"color: #000000;\"><b>C\u00f3digo del Reglamento:<\/b>\u00a0FMCSR 390.201T<\/span><\/p><p><span style=\"color: #000000;\"><b>Fecha l\u00edmite:\u00a0<\/b>determinado por su DOT #<\/span><\/p><p><span style=\"color: #000000;\"><b>Frecuencia:\u00a0<\/b>presentado una vez cada 2 a\u00f1os<\/span><\/p><p><span style=\"color: #000000;\"><b>\u00bfA qui\u00e9n va dirigido?\u00a0<\/b>cada titular de un n\u00famero DOT estadounidense<\/span><\/p><p><span style=\"color: #000000;\"><b>Sanci\u00f3n:\u00a0<\/b>DOT desactivado y\/o hasta $10.000<\/span><\/p><h4><b><a href=\"\/es\/fmcsaupdate-mcs-150-form\/\" rel=\"noopener\">Enlace directo a la actualizaci\u00f3n en l\u00ednea: Haga clic aqu\u00ed<\/a><\/b><\/h4>\t\t\t\t\t\t<\/div>\n\t\t\t\t<\/div>\n\t\t\t\t\t<\/div>\n\t\t<\/div>\n\t\t\t\t\t<\/div>\n\t\t<\/section>\n\t\t\t\t\t<\/div>\n\t\t<\/div>\n\t\t\t\t\t<\/div>\n\t\t<\/section>\n\t\t\t\t<section class=\"elementor-section elementor-top-section elementor-element elementor-element-2b8be35a elementor-section-boxed elementor-section-height-default elementor-section-height-default\" data-id=\"2b8be35a\" data-element_type=\"section\">\n\t\t\t\t\t\t<div class=\"elementor-container elementor-column-gap-default\">\n\t\t\t\t\t<div class=\"elementor-column elementor-col-100 elementor-top-column elementor-element elementor-element-31950e54\" data-id=\"31950e54\" data-element_type=\"column\">\n\t\t\t<div class=\"elementor-widget-wrap elementor-element-populated\">\n\t\t\t\t\t\t<section class=\"elementor-section elementor-inner-section elementor-element elementor-element-3a24c8d3 elementor-section-full_width elementor-section-height-default elementor-section-height-default\" data-id=\"3a24c8d3\" data-element_type=\"section\">\n\t\t\t\t\t\t<div class=\"elementor-container elementor-column-gap-default\">\n\t\t\t\t\t<div class=\"elementor-column elementor-col-50 elementor-inner-column elementor-element elementor-element-6dc95d44\" data-id=\"6dc95d44\" data-element_type=\"column\">\n\t\t\t<div class=\"elementor-widget-wrap elementor-element-populated\">\n\t\t\t\t\t\t<div class=\"elementor-element elementor-element-667c0c07 elementor-widget elementor-widget-text-editor\" data-id=\"667c0c07\" data-element_type=\"widget\" data-widget_type=\"text-editor.default\">\n\t\t\t\t<div class=\"elementor-widget-container\">\n\t\t\t\t\t\t\t<h3><span style=\"color: #000000;\"><b>Acabo de abrir mi negocio. \u00bfTengo que presentar una solicitud?<\/b><\/span><\/h3><p><span style=\"color: #000000;\">Esta es una de las preguntas m\u00e1s frecuentes. La respuesta es <b>s\u00ed<\/b>, se debe presentar una Actualizaci\u00f3n Bienal en una combinaci\u00f3n espec\u00edfica de mes y a\u00f1o, independientemente de cu\u00e1ndo se abri\u00f3 el DOT numerado.<\/span><\/p><p><span style=\"color: #000000;\">Las actualizaciones bienales deben presentarse cada 24 meses. Si no cumple el plazo de presentaci\u00f3n inicial, la siguiente actualizaci\u00f3n programada habr\u00e1 sido m\u00e1s de 24 meses despu\u00e9s de la fecha en que estableci\u00f3 su n\u00famero DOT. Por lo tanto, si acaba de abrir su negocio, es posible que tenga que presentar la <b>inicial <\/b>Actualizaci\u00f3n Bienal antes de dos a\u00f1os. Para m\u00e1s informaci\u00f3n, consulte el reglamento FMCSR 390.201T.<\/span><span style=\"color: #000000; font-family: var( --e-global-typography-text-font-family ), Sans-serif; font-weight: var( --e-global-typography-text-font-weight ); font-size: 1rem;\">.<\/span><\/p>\t\t\t\t\t\t<\/div>\n\t\t\t\t<\/div>\n\t\t\t\t<div class=\"elementor-element elementor-element-68572ed1 elementor-hidden-desktop elementor-hidden-tablet elementor-widget elementor-widget-text-editor\" data-id=\"68572ed1\" data-element_type=\"widget\" data-widget_type=\"text-editor.default\">\n\t\t\t\t<div class=\"elementor-widget-container\">\n\t\t\t\t\t\t\t<h2><span style=\"color: #000000;\">Actualizaci\u00f3n bienal del DOT de EE.UU.<\/span><\/h2><p><span style=\"color: #000000;\">La actualizaci\u00f3n bienal (Formulario MCS150) es un mandato federal seg\u00fan la regulaci\u00f3n FMCSR 390.201 (tambi\u00e9n conocida como CFR T\u00edtulo 49 Secci\u00f3n 390.201)<\/span><\/p><p><span style=\"color: #000000;\">Es un requisito para todos los propietarios de un n\u00famero DOT de EE.UU., independientemente del tama\u00f1o de la flota y la escala de las operaciones.<\/span><\/p><p><span style=\"color: #000000;\">Un n\u00famero DOT de EE.UU. nunca caduca, pero el Departamento de Transporte exige presentar una actualizaci\u00f3n en tres casos concretos:<\/span><\/p><p><span style=\"color: #000000;\">- Antes de que comiencen las operaciones de transporte.\u00a0<\/span><\/p><p><span style=\"color: #000000;\">- En un plazo de 30 d\u00edas a partir de cualquier cambio en la situaci\u00f3n de su empresa<br \/><\/span><span style=\"color: #000000; font-family: var( --e-global-typography-text-font-family ), Sans-serif; font-weight: var( --e-global-typography-text-font-weight ); font-size: 1rem;\">\u00a0 (por ejemplo: n\u00famero de conductores camiones o remolques, n\u00famero de tel\u00e9fono, direcci\u00f3n)<\/span><\/p><p><span style=\"color: #000000;\">- Una vez cada dos a\u00f1os en el mes y a\u00f1o indicados por su n\u00famero DOT de EE.UU. seg\u00fan el programa:<\/span><br \/><span style=\"color: #000000;\">\u00a0 \u00a0 \u00a0 La \u00faltima cifra del n\u00famero DOT corresponde al mes del plazo<\/span><br \/><span style=\"color: #000000;\">\u00a0 \u00a0 \u00a0 Los d\u00edgitos que preceden al \u00faltimo del n\u00famero DOT corresponden al a\u00f1o de la fecha l\u00edmite<\/span><\/p><p><span style=\"color: #000000;\"><b>El incumplimiento de este mandato puede resultar en la desactivaci\u00f3n del N\u00famero DOT y\/o sanciones de hasta $10,000 seg\u00fan FMCSR 390.201.<\/b><\/span><\/p>\t\t\t\t\t\t<\/div>\n\t\t\t\t<\/div>\n\t\t\t\t\t<\/div>\n\t\t<\/div>\n\t\t\t\t<div class=\"elementor-column elementor-col-50 elementor-inner-column elementor-element elementor-element-17573f2\" data-id=\"17573f2\" data-element_type=\"column\">\n\t\t\t<div class=\"elementor-widget-wrap\">\n\t\t\t\t\t\t\t<\/div>\n\t\t<\/div>\n\t\t\t\t\t<\/div>\n\t\t<\/section>\n\t\t\t\t<div class=\"elementor-element elementor-element-168a95ec elementor-widget elementor-widget-spacer\" data-id=\"168a95ec\" data-element_type=\"widget\" data-widget_type=\"spacer.default\">\n\t\t\t\t<div class=\"elementor-widget-container\">\n\t\t\t\t\t<div class=\"elementor-spacer\">\n\t\t\t<div class=\"elementor-spacer-inner\"><\/div>\n\t\t<\/div>\n\t\t\t\t<\/div>\n\t\t\t\t<\/div>\n\t\t\t\t\t<\/div>\n\t\t<\/div>\n\t\t\t\t\t<\/div>\n\t\t<\/section>\n\t\t\t\t<section class=\"elementor-section elementor-top-section elementor-element elementor-element-4013b484 elementor-section-boxed elementor-section-height-default elementor-section-height-default\" data-id=\"4013b484\" data-element_type=\"section\" data-settings=\"{&quot;background_background&quot;:&quot;classic&quot;}\">\n\t\t\t\t\t\t<div class=\"elementor-container elementor-column-gap-default\">\n\t\t\t\t\t<div class=\"elementor-column elementor-col-66 elementor-top-column elementor-element elementor-element-354f1dda\" data-id=\"354f1dda\" data-element_type=\"column\">\n\t\t\t<div class=\"elementor-widget-wrap\">\n\t\t\t\t\t\t\t<\/div>\n\t\t<\/div>\n\t\t\t\t<div class=\"elementor-column elementor-col-33 elementor-top-column elementor-element elementor-element-319b1a67\" data-id=\"319b1a67\" data-element_type=\"column\">\n\t\t\t<div class=\"elementor-widget-wrap elementor-element-populated\">\n\t\t\t\t\t\t<div class=\"elementor-element elementor-element-12dbbaf7 elementor-widget elementor-widget-spacer\" data-id=\"12dbbaf7\" data-element_type=\"widget\" data-widget_type=\"spacer.default\">\n\t\t\t\t<div class=\"elementor-widget-container\">\n\t\t\t\t\t<div class=\"elementor-spacer\">\n\t\t\t<div class=\"elementor-spacer-inner\"><\/div>\n\t\t<\/div>\n\t\t\t\t<\/div>\n\t\t\t\t<\/div>\n\t\t\t\t<div class=\"elementor-element elementor-element-5c4d5cc2 elementor-widget elementor-widget-text-editor\" data-id=\"5c4d5cc2\" data-element_type=\"widget\" data-widget_type=\"text-editor.default\">\n\t\t\t\t<div class=\"elementor-widget-container\">\n\t\t\t\t\t\t\t<h4><span style=\"color: #ffffff;\">\u00bfSabe si sus otros formularios DOT est\u00e1n vencidos? Compruebe si su USDOT# cumple con las regulaciones de USDOT y FMCSA.<\/span><\/h4>\t\t\t\t\t\t<\/div>\n\t\t\t\t<\/div>\n\t\t\t\t<div class=\"elementor-element elementor-element-70df6372 elementor-widget elementor-widget-button\" data-id=\"70df6372\" data-element_type=\"widget\" data-widget_type=\"button.default\">\n\t\t\t\t<div class=\"elementor-widget-container\">\n\t\t\t\t\t\t\t<div class=\"elementor-button-wrapper\">\n\t\t\t\t\t<a class=\"elementor-button elementor-button-link elementor-size-sm\" href=\"\/es\/fmcsaupdate-mcs-150-form\/\">\n\t\t\t\t\t\t<span class=\"elementor-button-content-wrapper\">\n\t\t\t\t\t\t\t\t\t<span class=\"elementor-button-text\">Comprobar mi estado de cumplimiento <\/span>\n\t\t\t\t\t<\/span>\n\t\t\t\t\t<\/a>\n\t\t\t\t<\/div>\n\t\t\t\t\t\t<\/div>\n\t\t\t\t<\/div>\n\t\t\t\t<div class=\"elementor-element elementor-element-6b3fb4a0 elementor-widget elementor-widget-spacer\" data-id=\"6b3fb4a0\" data-element_type=\"widget\" data-widget_type=\"spacer.default\">\n\t\t\t\t<div class=\"elementor-widget-container\">\n\t\t\t\t\t<div class=\"elementor-spacer\">\n\t\t\t<div class=\"elementor-spacer-inner\"><\/div>\n\t\t<\/div>\n\t\t\t\t<\/div>\n\t\t\t\t<\/div>\n\t\t\t\t\t<\/div>\n\t\t<\/div>\n\t\t\t\t\t<\/div>\n\t\t<\/section>\n\t\t\t\t<section class=\"elementor-section elementor-top-section elementor-element elementor-element-750e6ee elementor-section-boxed elementor-section-height-default elementor-section-height-default\" data-id=\"750e6ee\" data-element_type=\"section\">\n\t\t\t\t\t\t<div class=\"elementor-container elementor-column-gap-default\">\n\t\t\t\t\t<div class=\"elementor-column elementor-col-100 elementor-top-column elementor-element elementor-element-404550db\" data-id=\"404550db\" data-element_type=\"column\">\n\t\t\t<div class=\"elementor-widget-wrap elementor-element-populated\">\n\t\t\t\t\t\t<div class=\"elementor-element elementor-element-22134d5f elementor-widget elementor-widget-spacer\" data-id=\"22134d5f\" data-element_type=\"widget\" data-widget_type=\"spacer.default\">\n\t\t\t\t<div class=\"elementor-widget-container\">\n\t\t\t\t\t<div class=\"elementor-spacer\">\n\t\t\t<div class=\"elementor-spacer-inner\"><\/div>\n\t\t<\/div>\n\t\t\t\t<\/div>\n\t\t\t\t<\/div>\n\t\t\t\t\t<\/div>\n\t\t<\/div>\n\t\t\t\t\t<\/div>\n\t\t<\/section>\n\t\t\t\t<\/div>","protected":false},"excerpt":{"rendered":"<p>MCS-150 Update Portal \u00a0 Filing Support :&nbsp;(302) 775-5839 U.S. DOT Biennial Update The Biennial Update (Form MCS150) is a federal mandate per regulation Title 49 Code of Federal Regulations, Section \u00a7390.19T (also known as CFR Title 49 Section 390.201T) It is a requirement for all owners of a U.S. DOT Number, regardless of fleet size [&hellip;]<\/p>","protected":false},"author":1,"featured_media":0,"parent":0,"menu_order":0,"comment_status":"closed","ping_status":"closed","template":"","meta":{"footnotes":""},"class_list":["post-2149","page","type-page","status-publish","hentry"],"_links":{"self":[{"href":"https:\/\/renewucr.com\/es\/wp-json\/wp\/v2\/pages\/2149","targetHints":{"allow":["GET"]}}],"collection":[{"href":"https:\/\/renewucr.com\/es\/wp-json\/wp\/v2\/pages"}],"about":[{"href":"https:\/\/renewucr.com\/es\/wp-json\/wp\/v2\/types\/page"}],"author":[{"embeddable":true,"href":"https:\/\/renewucr.com\/es\/wp-json\/wp\/v2\/users\/1"}],"replies":[{"embeddable":true,"href":"https:\/\/renewucr.com\/es\/wp-json\/wp\/v2\/comments?post=2149"}],"version-history":[{"count":0,"href":"https:\/\/renewucr.com\/es\/wp-json\/wp\/v2\/pages\/2149\/revisions"}],"wp:attachment":[{"href":"https:\/\/renewucr.com\/es\/wp-json\/wp\/v2\/media?parent=2149"}],"curies":[{"name":"wp","href":"https:\/\/api.w.org\/{rel}","templated":true}]}}